{"id":1058,"date":"2023-05-31T10:21:50","date_gmt":"2023-05-31T10:21:50","guid":{"rendered":"https:\/\/www.kios.ucy.ac.cy\/MED2023\/?page_id=1058"},"modified":"2023-05-31T10:21:54","modified_gmt":"2023-05-31T10:21:54","slug":"workshop-4","status":"publish","type":"page","link":"https:\/\/www.kios.ucy.ac.cy\/MED2023\/workshop-4\/","title":{"rendered":"Workshop 4"},"content":{"rendered":"<h3><strong>STC 4.0 HP &#8211; New Generation of Stoneware Tableware in Ceramic 4.0 by High Pressure Casting Robot work cell<\/strong><\/h3>\n<p><strong>Abstract:<\/strong><\/p>\n<p>The workshop workshop entitled \u201cSTC 4.0 HP &#8211; New Generation of Stoneware Tableware in Ceramic 4.0 by High Pressure Casting Robot work cell&#8221; has the purpose of disseminate the results of a research project that had as goal to introduce new methodologies and technologies in a traditional sector such as Ceramics. The referred project aimed to establish the production conditions that will allow GRESTEL to worldwide launch a range of innovative products in fine stoneware tableware as a result of the combination of different Ceramics 4.0 technologies of the industrial value chain.<\/p>\n<p>The project consortium is composed by an industrial company GRESTEL &#8211; PRODUTOS CER\u00c2MICOS S.A, by two entities of the scientific Portuguese system, the Polytechnic institute of Bragan\u00e7a (IPB) and the Polytechnic institute of Leiria, and also the Research Group from Limerick School of Art &amp; Design of the Limerick Institute of Technology (Ireland).<\/p>\n<p>The described workshop will have the participation of the referred project partners, that will, not only discuss the obtained results, but will also launch the foundations for future work.<\/p>\n<p><strong>Date:<\/strong> Thursday, June 29, 2023<\/p>\n<p><strong>Organizers:<\/strong><\/p>\n<p>\u2013 Jos\u00e9 A. Gon\u00e7alves,<strong>\u00a0<\/strong>Research Centre in Digitalization and Intelligent Robotics (CeDRI), Instituto Polit\u00e9cnico de Bragan\u00e7a, Campus de Santa Apol\u00f3nia, 5300-253 Bragan\u00e7a, Portugal<br \/>\n\u2013 Ant\u00f3nio Pereira, Department of Computer Science, Polytechnic Institute of Leiria, Portuga<\/p>\n<h3><em>W<span class=\"ui-provider bhy bhz c d e f g h i j k l m n o p q r s t bia bib w x y z ab ac ae af ag ah ai aj ak\" dir=\"ltr\">orkshop Program<\/span><\/em><\/h3>\n<p><strong>-14:00 \u2013 14:20:<\/strong> STC 4.0 HP &#8211; New Generation of Stoneware Tableware in Ceramic 4.0 by High Pressure Casting Robot work cell: Project overview<\/p>\n<p>Jos\u00e9 Gon\u00e7alves<sup>1,2<\/sup> (Presenter), Ant\u00f3nio Pereira<sup>3<\/sup>, Jorge Carneiro<sup>4<\/sup><\/p>\n<p>1 Research Centre in Digitalization and Intelligent Robotics (CeDRI), Instituto Polit\u00e9cnico de Bragan\u00e7a, Campus de Santa Apol\u00f3nia, 5300-253 Bragan\u00e7a, Portugal<\/p>\n<p>2 Laborat\u00f3rio para a Sustentabilidade e Tecnologia em Regi\u00f5es de Montanha (SusTEC), Instituto Polit\u00e9cnico de Bragan\u00e7a, Campus de Santa Apol\u00f3nia, 5300-253<\/p>\n<p>3 Department of Computer Science, Polytechnic Institute of Leiria, Portugal<\/p>\n<p>4 GRESTEL &#8211; Produtos Cer\u00e2micos S.A.<\/p>\n<p><strong>-14:20 \u2013 14:40:<\/strong> Robotization of a ceramic pieces finishing process,<\/p>\n<p>Laiany Brancali\u00e3o<sup>1,2<\/sup> (Presenter), Mariano Alvarez<sup>1,2<\/sup>, Diogo Gomes<sup>1,2<\/sup>, Jo\u00e3o Paulo Coelho<sup>1,2<\/sup>, V\u00edtor Pinto<sup>3<\/sup>, Jos\u00e9 Santos<sup>2,4<\/sup>, Jorge Carneiro<sup>5<\/sup>, Jos\u00e9 Gon\u00e7alves <sup>1,2<\/sup><\/p>\n<p>1 Research Centre in Digitalization and Intelligent Robotics (CeDRI), Instituto Polit\u00e9cnico de Bragan\u00e7a, Campus de Santa Apol\u00f3nia, 5300-253 Bragan\u00e7a, Portugal<\/p>\n<p>2 Laborat\u00f3rio para a Sustentabilidade e Tecnologia em Regi\u00f5es de Montanha, Instituto Polit\u00e9cnico de Bragan\u00e7a, Campus de Santa Apol\u00f3nia,5300-253 Bragan\u00e7a, Portugal<\/p>\n<p>3 Faculty of Engineering of the University of Porto<\/p>\n<p>4 Centro de Investiga\u00e7\u00e3o de Montanha (CIMO), Instituto Polit\u00e9cnico de Bragan\u00e7a, Campus de Santa Apol\u00f3nia,5300-253 Bragan\u00e7a, Portugal<\/p>\n<p>5 GRESTEL &#8211; Produtos Cer\u00e2micos S.A.<\/p>\n<p><strong>-14:40 \u2013 15:00<\/strong>: Prototyping and control of an automated finishing device,<\/p>\n<p>Mariano Alvarez<sup>1,2<\/sup> (Presenter), Laiany Brancali\u00e3o<sup>1,2<\/sup>, Jo\u00e3o Paulo Coelho<sup>1,2<\/sup>, Jorge Carneiro<sup>3<\/sup>, Jos\u00e9 Gon\u00e7alves<sup>1,2<\/sup><\/p>\n<p>1 Laborat\u00f3rio para a Sustentabilidade e Tecnologia em Regi\u00f5es de Montanha (SusTEC), Instituto Polit\u00e9cnico de Bragan\u00e7a, Campus de Santa Apol\u00f3nia, 5300-253 Bragan\u00e7a, Portugal;<\/p>\n<p>2 Research Centre in Digitalization and Intelligent Robotics (CeDRI), Instituto Polit\u00e9cnico de Bragan\u00e7a, Campus de Santa Apol\u00f3nia, 5300-253 Bragan\u00e7a, Portugal<\/p>\n<p>3 GRESTEL &#8211; Produtos Cer\u00e2micos S.A.<\/p>\n<p><strong>-15:00 \u2013 15:20<\/strong>: Implementing a Remote Access Image Capture for Quality Control in Ceramic Production, Implementing a Remote Access Image Capture for Quality Control in Ceramic Production: Lu\u00eds Fraz\u00e3o<sup>1<\/sup> (Presenter), Esteban Cumbajin<sup>1<\/sup>, Paulo Costa<sup>1<\/sup>, Nuno Costa<sup>1<\/sup>, Nuno Rodrigues<sup>1<\/sup>, Leire Buruberri<sup>2<\/sup>, Ant\u00f3nio Pereira<sup>1<\/sup><\/p>\n<p>1 Department of Computer Science, Polytechnic Institute of Leiria, Portugal<\/p>\n<p>2 GRESTEL &#8211; Produtos Cer\u00e2micos S.A.<\/p>\n<p><strong>-15:20 \u2013 15:40<\/strong>: Critical Success Factors of University-Industry Collaborative R&amp;D Projects.<\/p>\n<p>Jos\u00e9 M. R. C. A. Santos<sup>a,b<\/sup>, Gabriela Fernandes<sup>c<\/sup>, Pedro Ribeiro<sup>d<\/sup>, Lu\u00eds Miguel D. F. Ferreira<sup>c<\/sup>, Daniela Barroso<sup>e<\/sup>, Eduardo B. Pinto<sup>d<\/sup><\/p>\n<p>a Centro de Investiga\u00e7\u00e3o de Montanha (CIMO), Instituto Polit\u00e9cnico de Bragan\u00e7a, Campus de Santa Apol\u00f3nia,5300-253 Bragan\u00e7a, Portugal<\/p>\n<p>b Laborat\u00f3rio para a Sustentabilidade e Tecnologia em Regi\u00f5es de Montanha, Instituto Polit\u00e9cnico de Bragan\u00e7a, Campus de Santa Apol\u00f3nia,5300-253 Bragan\u00e7a, Portugal<\/p>\n<p>c University of Coimbra, CEMMPRE, Department of Mechanical Engineering, Polo II, Coimbra, 3030-788, Portugal<\/p>\n<p>d Centro Algoritmi, University of Minho, Department of Information Systems, Campus de Azur\u00e9m, Guimar\u00e3es, 4804-533, Portugal<\/p>\n<p>e ANI \u2013 Ag\u00eancia Nacional de Inova\u00e7\u00e3o, S.A., Edif\u00edcio NET, Rua de Salazares, 842, 4149-002 Porto, Portugal<\/p>\n<p><strong>-15:40 \u2013 16:00<\/strong>: Discussion<\/p>\n<p>&nbsp;<\/p>\n<p>&nbsp;<\/p>\n","protected":false},"excerpt":{"rendered":"<p>STC 4.0 HP &#8211; New Generation of Stoneware Tableware in Ceramic 4.0 by High Pressure Casting Robot work cell Abstract: The workshop workshop entitled \u201cSTC 4.0 HP &#8211; New Generation of Stoneware Tableware in Ceramic 4.0 by High Pressure Casting Robot work cell&#8221; has the purpose of disseminate the results of a research project that [&hellip;]<\/p>\n","protected":false},"author":1,"featured_media":0,"parent":0,"menu_order":0,"comment_status":"closed","ping_status":"closed","template":"","meta":{"ngg_post_thumbnail":0,"footnotes":""},"class_list":["post-1058","page","type-page","status-publish","hentry"],"_links":{"self":[{"href":"https:\/\/www.kios.ucy.ac.cy\/MED2023\/wp-json\/wp\/v2\/pages\/1058","targetHints":{"allow":["GET"]}}],"collection":[{"href":"https:\/\/www.kios.ucy.ac.cy\/MED2023\/wp-json\/wp\/v2\/pages"}],"about":[{"href":"https:\/\/www.kios.ucy.ac.cy\/MED2023\/wp-json\/wp\/v2\/types\/page"}],"author":[{"embeddable":true,"href":"https:\/\/www.kios.ucy.ac.cy\/MED2023\/wp-json\/wp\/v2\/users\/1"}],"replies":[{"embeddable":true,"href":"https:\/\/www.kios.ucy.ac.cy\/MED2023\/wp-json\/wp\/v2\/comments?post=1058"}],"version-history":[{"count":1,"href":"https:\/\/www.kios.ucy.ac.cy\/MED2023\/wp-json\/wp\/v2\/pages\/1058\/revisions"}],"predecessor-version":[{"id":1059,"href":"https:\/\/www.kios.ucy.ac.cy\/MED2023\/wp-json\/wp\/v2\/pages\/1058\/revisions\/1059"}],"wp:attachment":[{"href":"https:\/\/www.kios.ucy.ac.cy\/MED2023\/wp-json\/wp\/v2\/media?parent=1058"}],"curies":[{"name":"wp","href":"https:\/\/api.w.org\/{rel}","templated":true}]}}