{"id":590,"date":"2022-06-01T13:06:31","date_gmt":"2022-06-01T13:06:31","guid":{"rendered":"https:\/\/www.kios.ucy.ac.cy\/MED2023\/?page_id=590"},"modified":"2023-06-22T08:32:33","modified_gmt":"2023-06-22T08:32:33","slug":"workshops","status":"publish","type":"page","link":"https:\/\/www.kios.ucy.ac.cy\/MED2023\/workshops\/","title":{"rendered":"Workshops"},"content":{"rendered":"<h1>Workshops and Tutorials<\/h1>\n<p>MED 2023 offers workshops and tutorials addressing current and future topics in the areas of intelligent systems, control, and automation, delivered by experts from academia, research institutes, and the industry. All MED 2023 Workshops and Tutorials will take place on <b><a href=\"https:\/\/controls.papercept.net\/conferences\/conferences\/MED23\/program\/MED23_ProgramAtAGlanceWeb.html#thws25\" target=\"_blank\" rel=\"noopener\">Thursday, June 29, 2023<\/a>.<\/b><\/p>\n<h2>Available Workshops<\/h2>\n<p>&nbsp;<\/p>\n<h3>Workshop 1<\/h3>\n<p><span style=\"color: #000000;\"><strong>Title: <\/strong><\/span>Workshop on Adaptive Control to Intelligent Transportation Systems in Celebration of Prof. Petros Ioannou&#8217;s 70th Birthday.<br \/>\n<span style=\"color: #000000;\"><strong>Organizers:<\/strong><\/span><br \/>\n&#8211; Jing Sun, <strong>Affiliation: <\/strong>Department of Naval Architecture and Marine Engineering University of Michigan Ann Arbor, MI, USA<br \/>\n&#8211; Marios Polycarpou, <strong>Affiliation:<\/strong> Department of Electrical and Computer Engineering KIOS Research and Innovation Center of Excellence University of Cyprus, Nicosia, Cyprus<\/p>\n<p>&nbsp;<\/p>\n<h3>Workshop 2<\/h3>\n<p><span style=\"color: #000000;\"><strong>Title<\/strong>:<\/span><a href=\"https:\/\/www.kios.ucy.ac.cy\/MED2023\/workshop-2\/\"> Workshop on Indoor Environmental Quality (IEQ) Monitoring and Control for Smart Buildings<\/a><br \/>\n<span style=\"color: #000000;\"><strong>Organizers<\/strong>:<\/span><br \/>\n&#8211; Alexis Kyriacou, <strong>Affiliation: <\/strong>LELANTUS Innovations Ltd, Nicosia, Cyprus<br \/>\n&#8211; Michalis Michaelides, <strong>Affiliation: <\/strong>Department of Electrical Engineering, Computer Engineering and Informatics, Cyprus University of Technology, Limassol, Cyprus<br \/>\n<span style=\"color: #000000;\"><strong>Abstract<\/strong>:<\/span> One of today\u2019s greatest problems is the quality of the air we breathe, both outdoors and indoors, and especially in high occupancy public and commercial buildings. According to WHO and the Global Health Observatory, approximately 7 million people die each year from exposure to poor air quality conditions. At the same time, there is a significant lack of infrastructure and active solutions for the monitoring of indoor environment and the generation of actionable insights in terms of impact on occupants\u2019 health. An interesting notion is that the mortality rate of COVID-19 could have been far lower, and the annual welfare losses (~\u20ac600 billion) across EU countries could have been significantly reduced if measures were already in place for the monitoring and control of the IAQ conditions. Such measures would have achieved a low transmissibility level of the virus in high occupancy, high risk indoor spaces. To tackle this problem, it is essential to implement a multidisciplinary approach that combines the areas of exposure science, environmental monitoring, machine-learning based monitoring and event diagnosis, ICT and real domain challenges.<\/p>\n<p>&nbsp;<\/p>\n<h3>Workshop 3<\/h3>\n<p><span style=\"color: #000000;\"><strong>Titlte<\/strong><\/span>: <a href=\"https:\/\/www.kios.ucy.ac.cy\/MED2023\/workshop-3\/\">Cybersecurity for Electrical Power and Energy Systems (EPES)<\/a><br \/>\n<span style=\"color: #000000;\"><strong>Organizers<\/strong>:<\/span><br \/>\n&#8211; Irina Ciornei, <strong>Affiliation: <\/strong>KIOS Research and Innovation Center of Excellence University of Cyprus, Nicosia, Cyprus<br \/>\n&#8211; Christos Laoudias, <strong>Affiliation: <\/strong>KIOS Research and Innovation Center of Excellence University of Cyprus, Nicosia, Cyprus<br \/>\n&#8211; Maria K. Michael, <strong>Affiliation:\u00a0 <\/strong>Department of Electrical and Computer Engineering KIOS Research and Innovation Center of Excellence University of Cyprus, Nicosia, Cyprus<br \/>\n<span style=\"color: #000000;\"><strong>Abstract<\/strong>:<\/span> Smart technologies, which incorporate advanced communication and information technologies, are currently playing a vital role in many of the operations of the Electrical Power and Energy ystems (EPES). The monolithic vertical model of such systems was progressively transformed into new, decentralized model with multiple stakeholders and actors and with recognized benefits for this energy vertical, such as adoption of sustainable distributed renewable power generation, pervasive control, remote monitoring, and self-healing, among many others. However, the growing number of cybersecurity incidents in EPES promotes the need for shielding against a variety of threats, ranging from cyberattacks, dynamic and evolving Advanced Persistent Threats (APTs), and privacy violations, to electricity disturbances and severe human errors caused by lack of relevant training. The diverse threats that modern EPES are facing requires an integrated and holistic approach for continuously assessing the dynamic EPES environment while ensuring compliance with the latest cybersecurity standards.<\/p>\n<p>&nbsp;<\/p>\n<h3>Workshop 4<\/h3>\n<p><span style=\"color: #000000;\"><strong>Title<\/strong>:<\/span> <a href=\"https:\/\/www.kios.ucy.ac.cy\/MED2023\/workshop-4\/\">STC 4.0 HP &#8211; New Generation of Stoneware Tableware in Ceramic 4.0 by High Pressure Casting Robot work cell<\/a><br \/>\n<span style=\"color: #000000;\"><strong>Organizers<\/strong>:<\/span><br \/>\n&#8211; Jos\u00e9 A. Gon\u00e7alves, <strong>Affiliation: <\/strong>Research Centre in Digitalization and Intelligent Robotics (CeDRI), Instituto Polit\u00e9cnico de Bragan\u00e7a, Campus de Santa Apol\u00f3nia, 5300-253 Bragan\u00e7a, Portugal<br \/>\n&#8211; Ant\u00f3nio Pereira, <strong>Affiliation:<\/strong> Department of Computer Science, Polytechnic Institute of Leiria, Portugal<br \/>\n<span style=\"color: #000000;\"><strong>Abstract<\/strong>:<\/span> The workshop presentations have the goal of disseminating the results of a research project that had as goal to introduce new methodologies and technologies in the traditional sector of Ceramics. The referred project aimed to establish the production conditions that will allow GRESTEL to worldwide launch a range of innovative products in fine stoneware tableware as a result of the combination of different Ceramics 4.0 technologies of the industrial value chain. The project consortium is composed by an industrial company GRESTEL &#8211; PRODUTOS CER\u00c2MICOS S.A, by two entities of the scientific Portuguese system, the Polytechnic institute of Bragan\u00e7a (IPB) and the Polytechnic institute of Leiria, and also the Research Group from Limerick School of Art &amp; Design of the Limerick Institute of Technology (Ireland). The described workshop will have the participation of the referred project partners, that will, not only discuss the obtained results, but will also launch the foundations for future work.<\/p>\n<p>&nbsp;<\/p>\n<h3><a href=\"https:\/\/www.kios.ucy.ac.cy\/MED2023\/workshop-5\/\" target=\"_blank\" rel=\"noopener\">Workshop 5<\/a><\/h3>\n<p><span style=\"color: #000000;\"><strong>Title<\/strong>: <a href=\"https:\/\/www.kios.ucy.ac.cy\/MED2023\/workshop-5\/\" target=\"_blank\" rel=\"noopener\">W<span class=\"ui-provider bhy bhz c d e f g h i j k l m n o p q r s t bia bib w x y z ab ac ae af ag ah ai aj ak\" dir=\"ltr\">orkshop on Control and Cybersecurity in Connected and Autonomous Vehicles<\/span><\/a><\/span><br \/>\n<span style=\"color: #000000;\"><strong>Organizers<\/strong>:<\/span><br \/>\n&#8211; Taesang Choi, <strong>Affiliation: <\/strong><span class=\"ui-provider bjw bjx c d e f g h i j k l m n o p q r s t bjy bjz w x y z ab ac ae af ag ah ai aj ak\" dir=\"ltr\"> Electronics and Telecommunications Research Institute (ETRI)<\/span><br \/>\n&#8211; You-Jun Choi, <strong>Affiliation: <\/strong><span class=\"ui-provider bjw bjx c d e f g h i j k l m n o p q r s t bjy bjz w x y z ab ac ae af ag ah ai aj ak\" dir=\"ltr\">Korea Automotive Technology Institute (KATECH)<\/span><br \/>\n<span style=\"color: #000000;\"><strong>Abstract<\/strong>:<\/span> Nowadays, vehicles are becoming safer, smarter, and \u201cgreener\u201d through connectivity, Artificial Intelligence (AI), and Machine Learning (ML), while cybersecurity aims for more sustainable safer roads with zero fatality. This is recognized by the European Commission that has awarded a number of projects through the European Connected, Cooperative &amp; Automated Mobility (CCAM) partnership. For instance, the H2020 CARAMEL project developed advanced control and cybersecurity solutions for the new generation of vehicles including (i) autonomous cars, (ii) 5G connected vehicles (iii) electromobility and (iv) remote control vehicles. The project applied a proactive method based on AI and ML techniques to mitigate cybersecurity-originated safety risks on roads. Considering the entire supply chain, CARAMEL developed innovative anti-hacking intrusion detection\/ prevention systems for the European automotive industry. In addition, enabling technologies and ML\/AI-based techniques were developed to detect and mitigate cyber threats to future mobility, in particular, an innovative distributed PKI infrastructure, AI-based context-rich and context-aware solutions, holistic solutions based on the fusion of multiple data sources, and a backend system to support mobility actors like road infrastructure operators, traffic managers, etc. This workshop aspires to disseminate the latest R&amp;I results regarding control and cybersecurity in Connected and Autonomous Vehicles stemming from the CARAMEL and other related EU-funded projects and trigger inspiring discussions among researchers, experts, and practitioners in this field.<\/p>\n<p>&nbsp;<\/p>\n<h2>Available Tutorials<\/h2>\n<p>&nbsp;<\/p>\n<h3>Tutorial 1<\/h3>\n<p><span style=\"color: #000000;\"><strong>Title<\/strong>:<\/span> <a href=\"https:\/\/www.kios.ucy.ac.cy\/MED2023\/tutorial-1\/\">A Review of Wireless Positioning Techniques and Technologies: From Smart Sensors to 6G<\/a><br \/>\n<span style=\"color: #000000;\"><strong>Organizers<\/strong>:<\/span><br \/>\n&#8211; Constantina Isaia, <strong>Affiliation:<\/strong> Department of Electrical Engineering, Computer Engineering and Informatics, Cyprus University of Technology, Limassol, Cyprus<br \/>\n&#8211; Michalis Michaelides, <strong>Affiliation: <\/strong>Department of Electrical Engineering, Computer Engineering and Informatics, Cyprus University of Technology, Limassol, Cyprus<br \/>\n<span style=\"color: #000000;\"><strong>Abstract<\/strong>:<\/span> In recent years, tremendous advances have been made in the design and applications of wireless networks and embedded sensors. The combination of sophisticated sensors with wireless communication has introduced new applications, which can simplify humans\u2019 daily activities, increase independence, and improve quality of life. Although numerous positioning techniques and wireless technologies have been introduced over the last few decades, there is still a need for improvements, in terms of efficiency, accuracy, and performance for the various applications. Localization importance increased even more recently, due to the coronavirus pandemic, which made people spend more time indoors. Improvements can be achieved by integrating sensor fusion and combining various wireless technologies for taking advantage of their individual strengths. Integrated sensing is also envisaged in the coming technologies, such as 6G. The primary aim of the proposed tutorial is to discuss and evaluate the different wireless positioning techniques and technologies available for both indoor and outdoor localization. This, in combination with the analysis of the various discussed methods, including active and passive positioning, SLAM, PDR, integrated sensing, and sensor fusion, will pave the way for designing the future wireless positioning systems. The presented material will largely rely on a recently published review article by the same authors in the MDPI Signals Journal.<\/p>\n","protected":false},"excerpt":{"rendered":"<p>Workshops and Tutorials MED 2023 offers workshops and tutorials addressing current and future topics in the areas of intelligent systems, control, and automation, delivered by experts from academia, research institutes, and the industry. All MED 2023 Workshops and Tutorials will take place on Thursday, June 29, 2023. Available Workshops &nbsp; Workshop 1 Title: Workshop on [&hellip;]<\/p>\n","protected":false},"author":1,"featured_media":0,"parent":0,"menu_order":0,"comment_status":"closed","ping_status":"closed","template":"","meta":{"ngg_post_thumbnail":0,"footnotes":""},"class_list":["post-590","page","type-page","status-publish","hentry"],"_links":{"self":[{"href":"https:\/\/www.kios.ucy.ac.cy\/MED2023\/wp-json\/wp\/v2\/pages\/590","targetHints":{"allow":["GET"]}}],"collection":[{"href":"https:\/\/www.kios.ucy.ac.cy\/MED2023\/wp-json\/wp\/v2\/pages"}],"about":[{"href":"https:\/\/www.kios.ucy.ac.cy\/MED2023\/wp-json\/wp\/v2\/types\/page"}],"author":[{"embeddable":true,"href":"https:\/\/www.kios.ucy.ac.cy\/MED2023\/wp-json\/wp\/v2\/users\/1"}],"replies":[{"embeddable":true,"href":"https:\/\/www.kios.ucy.ac.cy\/MED2023\/wp-json\/wp\/v2\/comments?post=590"}],"version-history":[{"count":35,"href":"https:\/\/www.kios.ucy.ac.cy\/MED2023\/wp-json\/wp\/v2\/pages\/590\/revisions"}],"predecessor-version":[{"id":1119,"href":"https:\/\/www.kios.ucy.ac.cy\/MED2023\/wp-json\/wp\/v2\/pages\/590\/revisions\/1119"}],"wp:attachment":[{"href":"https:\/\/www.kios.ucy.ac.cy\/MED2023\/wp-json\/wp\/v2\/media?parent=590"}],"curies":[{"name":"wp","href":"https:\/\/api.w.org\/{rel}","templated":true}]}}